{"id":32,"date":"2026-04-01T20:53:17","date_gmt":"2026-04-01T20:53:17","guid":{"rendered":"https:\/\/claudiapardaltransportes.com\/?page_id=32"},"modified":"2026-04-17T15:17:42","modified_gmt":"2026-04-17T15:17:42","slug":"quem-somos","status":"publish","type":"page","link":"https:\/\/claudiapardaltransportes.com\/en\/quem-somos\/","title":{"rendered":"Who We Are"},"content":{"rendered":"<div data-elementor-type=\"wp-page\" data-elementor-id=\"32\" class=\"elementor elementor-32\">\n\t\t\t\t<div class=\"elementor-element elementor-element-e603d30 e-flex e-con-boxed e-con e-parent\" data-id=\"e603d30\" data-element_type=\"container\" data-e-type=\"container\">\n\t\t\t\t\t<div class=\"e-con-inner\">\n\t\t<div class=\"elementor-element elementor-element-68f4766 e-con-full e-flex e-con e-child\" data-id=\"68f4766\" data-element_type=\"container\" data-e-type=\"container\">\n\t\t\t\t<div class=\"elementor-element elementor-element-71edbc0 elementor-widget elementor-widget-heading\" data-id=\"71edbc0\" data-element_type=\"widget\" data-e-type=\"widget\" data-widget_type=\"heading.default\">\n\t\t\t\t\t<h2 class=\"elementor-heading-title elementor-size-default\"><font color=\"#0e589b\" face=\"Poppins, sans-serif\"><span style=\"font-size: 64px\">Who We Are<\/span><\/font><\/h2>\t\t\t\t<\/div>\n\t\t\t\t<div class=\"elementor-element elementor-element-07848b0 elementor-widget elementor-widget-button\" data-id=\"07848b0\" data-element_type=\"widget\" data-e-type=\"widget\" data-widget_type=\"button.default\">\n\t\t\t\t\t\t\t\t\t\t<a class=\"elementor-button elementor-button-link elementor-size-sm\" href=\"\/en\/contactos\/\">\n\t\t\t\t\t\t<span class=\"elementor-button-content-wrapper\">\n\t\t\t\t\t\t\t\t\t<span class=\"elementor-button-text\">Request a Quote<\/span>\n\t\t\t\t\t<\/span>\n\t\t\t\t\t<\/a>\n\t\t\t\t\t\t\t\t<\/div>\n\t\t\t\t<div class=\"elementor-element elementor-element-bd6f74c elementor-widget__width-initial elementor-widget elementor-widget-text-editor\" data-id=\"bd6f74c\" data-element_type=\"widget\" data-e-type=\"widget\" data-widget_type=\"text-editor.default\">\n\t\t\t\t\t\t\t\t\t<p>Cl\u00e1udia Pardal \u2013 Transportes Personalizados is a company specialized in children\u2019s transport and personalized transport in Greater Lisbon, operating in Lisbon, Cascais, Oeiras, Sintra, and Loures.\n\nWe provide a safe, punctual, and reliable service, ideal for school transport, activities, events, and daily journeys. All trips include dedicated supervision, ensuring the comfort and safety of every child.\n\nOur mission is to provide peace of mind to families and institutions by offering a professional, responsible service tailored to each client\u2019s needs. We work every day to be a reference in children\u2019s transport in Lisbon and surrounding areas.\n\nWhether for regular or occasional services, we guarantee quality, close support, and total commitment to the well-being of our passengers.<\/p>\n<p><span style=\"font-style: inherit; font-weight: inherit;\">Prestamos um servi\u00e7o seguro, pontual e de confian\u00e7a, ideal para transporte escolar, atividades, eventos e desloca\u00e7\u00f5es di\u00e1rias. Todas as viagens s\u00e3o realizadas com acompanhamento dedicado, garantindo o conforto e a seguran\u00e7a de cada crian\u00e7a.<\/span><\/p>\n<p>A nossa miss\u00e3o \u00e9 proporcionar tranquilidade \u00e0s fam\u00edlias e institui\u00e7\u00f5es, oferecendo um servi\u00e7o profissional, respons\u00e1vel e adaptado \u00e0s necessidades de cada cliente. Trabalhamos diariamente para ser uma refer\u00eancia no transporte de crian\u00e7as em Lisboa e arredores.<\/p>\n<p>Seja para servi\u00e7os regulares ou ocasionais, garantimos qualidade, proximidade e total compromisso com o bem-estar dos nossos passageiros.<\/p>\t\t\t\t\t\t\t\t<\/div>\n\t\t\t\t<\/div>\n\t\t\t\t<div class=\"elementor-element elementor-element-be311a3 elementor-widget elementor-widget-image\" data-id=\"be311a3\" data-element_type=\"widget\" data-e-type=\"widget\" data-widget_type=\"image.default\">\n\t\t\t\t\t\t\t\t\t\t\t\t\t\t\t<img fetchpriority=\"high\" decoding=\"async\" width=\"652\" height=\"773\" src=\"https:\/\/claudiapardaltransportes.com\/wp-content\/uploads\/2026\/04\/transporte-seguro-criancas-cascais.avif\" class=\"attachment-large size-large wp-image-392\" alt=\"\" srcset=\"https:\/\/claudiapardaltransportes.com\/wp-content\/uploads\/2026\/04\/transporte-seguro-criancas-cascais.avif 652w, https:\/\/claudiapardaltransportes.com\/wp-content\/uploads\/2026\/04\/transporte-seguro-criancas-cascais-253x300.avif 253w, https:\/\/claudiapardaltransportes.com\/wp-content\/uploads\/2026\/04\/transporte-seguro-criancas-cascais-10x12.avif 10w\" sizes=\"(max-width: 652px) 100vw, 652px\" \/>\t\t\t\t\t\t\t\t\t\t\t\t\t\t\t<\/div>\n\t\t\t\t\t<\/div>\n\t\t\t\t<\/div>\n\t\t<div class=\"elementor-element elementor-element-1e54068 e-flex e-con-boxed e-con e-parent\" data-id=\"1e54068\" data-element_type=\"container\" data-e-type=\"container\">\n\t\t\t\t\t<div class=\"e-con-inner\">\n\t\t\t\t<div class=\"elementor-element elementor-element-1c7dfd2 elementor-widget elementor-widget-heading\" data-id=\"1c7dfd2\" data-element_type=\"widget\" data-e-type=\"widget\" data-widget_type=\"heading.default\">\n\t\t\t\t\t<h2 class=\"elementor-heading-title elementor-size-default\">Our Values<\/h2>\t\t\t\t<\/div>\n\t\t\t\t\t<\/div>\n\t\t\t\t<\/div>\n\t\t<div class=\"elementor-element elementor-element-59a6b0c e-grid e-con-boxed e-con e-parent\" data-id=\"59a6b0c\" data-element_type=\"container\" data-e-type=\"container\" data-settings=\"{&quot;background_background&quot;:&quot;classic&quot;}\">\n\t\t\t\t\t<div class=\"e-con-inner\">\n\t\t<div class=\"elementor-element elementor-element-c0a513b e-flex e-con-boxed e-con e-child\" data-id=\"c0a513b\" data-element_type=\"container\" data-e-type=\"container\">\n\t\t\t\t\t<div class=\"e-con-inner\">\n\t\t\t\t<div class=\"elementor-element elementor-element-8f38693 elementor-widget elementor-widget-image\" data-id=\"8f38693\" data-element_type=\"widget\" data-e-type=\"widget\" data-widget_type=\"image.default\">\n\t\t\t\t\t\t\t\t\t\t\t\t\t\t\t<img decoding=\"async\" width=\"150\" height=\"150\" src=\"https:\/\/claudiapardaltransportes.com\/wp-content\/uploads\/2026\/04\/criancas_seguranca_transport-150x150.jpg\" class=\"attachment-thumbnail size-thumbnail wp-image-148\" alt=\"\" srcset=\"https:\/\/claudiapardaltransportes.com\/wp-content\/uploads\/2026\/04\/criancas_seguranca_transport-150x150.jpg 150w, https:\/\/claudiapardaltransportes.com\/wp-content\/uploads\/2026\/04\/criancas_seguranca_transport-300x300.jpg 300w, https:\/\/claudiapardaltransportes.com\/wp-content\/uploads\/2026\/04\/criancas_seguranca_transport.jpg 409w\" sizes=\"(max-width: 150px) 100vw, 150px\" \/>\t\t\t\t\t\t\t\t\t\t\t\t\t\t\t<\/div>\n\t\t\t\t<div class=\"elementor-element elementor-element-26ea892 elementor-widget elementor-widget-heading\" data-id=\"26ea892\" data-element_type=\"widget\" data-e-type=\"widget\" data-widget_type=\"heading.default\">\n\t\t\t\t\t<h2 class=\"elementor-heading-title elementor-size-default\">Safety<\/h2>\t\t\t\t<\/div>\n\t\t\t\t<div class=\"elementor-element elementor-element-10d2771 elementor-widget elementor-widget-heading\" data-id=\"10d2771\" data-element_type=\"widget\" data-e-type=\"widget\" data-widget_type=\"heading.default\">\n\t\t\t\t\t<h2 class=\"elementor-heading-title elementor-size-default\">The physical safety of our passengers is our absolute priority in every kilometer.<\/h2>\t\t\t\t<\/div>\n\t\t\t\t\t<\/div>\n\t\t\t\t<\/div>\n\t\t<div class=\"elementor-element elementor-element-ab26b4c e-con-full e-flex e-con e-child\" data-id=\"ab26b4c\" data-element_type=\"container\" data-e-type=\"container\">\n\t\t\t\t<div class=\"elementor-element elementor-element-d0a1011 elementor-widget elementor-widget-image\" data-id=\"d0a1011\" data-element_type=\"widget\" data-e-type=\"widget\" data-widget_type=\"image.default\">\n\t\t\t\t\t\t\t\t\t\t\t\t\t\t\t<img decoding=\"async\" width=\"100\" height=\"100\" src=\"https:\/\/claudiapardaltransportes.com\/wp-content\/uploads\/2026\/04\/confianca_proximidade_criancas_motorista.png\" class=\"attachment-thumbnail size-thumbnail wp-image-382\" alt=\"\" srcset=\"https:\/\/claudiapardaltransportes.com\/wp-content\/uploads\/2026\/04\/confianca_proximidade_criancas_motorista.png 100w, https:\/\/claudiapardaltransportes.com\/wp-content\/uploads\/2026\/04\/confianca_proximidade_criancas_motorista-12x12.png 12w\" sizes=\"(max-width: 100px) 100vw, 100px\" \/>\t\t\t\t\t\t\t\t\t\t\t\t\t\t\t<\/div>\n\t\t\t\t<div class=\"elementor-element elementor-element-dfff8f4 elementor-widget elementor-widget-heading\" data-id=\"dfff8f4\" data-element_type=\"widget\" data-e-type=\"widget\" data-widget_type=\"heading.default\">\n\t\t\t\t\t<h2 class=\"elementor-heading-title elementor-size-default\">Trust<\/h2>\t\t\t\t<\/div>\n\t\t\t\t<div class=\"elementor-element elementor-element-7b6b0aa elementor-widget elementor-widget-heading\" data-id=\"7b6b0aa\" data-element_type=\"widget\" data-e-type=\"widget\" data-widget_type=\"heading.default\">\n\t\t\t\t\t<h2 class=\"elementor-heading-title elementor-size-default\">We build strong relationships with parents, schools, and institutions based on transparency and responsibility.<\/h2>\t\t\t\t<\/div>\n\t\t\t\t<\/div>\n\t\t<div class=\"elementor-element elementor-element-45765e0 e-con-full e-flex e-con e-child\" data-id=\"45765e0\" data-element_type=\"container\" data-e-type=\"container\">\n\t\t\t\t<div class=\"elementor-element elementor-element-6f8b3fe elementor-widget elementor-widget-image\" data-id=\"6f8b3fe\" data-element_type=\"widget\" data-e-type=\"widget\" data-widget_type=\"image.default\">\n\t\t\t\t\t\t\t\t\t\t\t\t\t\t\t<img loading=\"lazy\" decoding=\"async\" width=\"150\" height=\"150\" src=\"https:\/\/claudiapardaltransportes.com\/wp-content\/uploads\/2026\/04\/Criancas_seguranca_lisboa_transporte-150x150.png\" class=\"attachment-thumbnail size-thumbnail wp-image-384\" alt=\"\" srcset=\"https:\/\/claudiapardaltransportes.com\/wp-content\/uploads\/2026\/04\/Criancas_seguranca_lisboa_transporte-150x150.png 150w, https:\/\/claudiapardaltransportes.com\/wp-content\/uploads\/2026\/04\/Criancas_seguranca_lisboa_transporte-300x300.png 300w, https:\/\/claudiapardaltransportes.com\/wp-content\/uploads\/2026\/04\/Criancas_seguranca_lisboa_transporte-1024x1024.png 1024w, https:\/\/claudiapardaltransportes.com\/wp-content\/uploads\/2026\/04\/Criancas_seguranca_lisboa_transporte-768x768.png 768w, https:\/\/claudiapardaltransportes.com\/wp-content\/uploads\/2026\/04\/Criancas_seguranca_lisboa_transporte-12x12.png 12w, https:\/\/claudiapardaltransportes.com\/wp-content\/uploads\/2026\/04\/Criancas_seguranca_lisboa_transporte.png 1254w\" sizes=\"(max-width: 150px) 100vw, 150px\" \/>\t\t\t\t\t\t\t\t\t\t\t\t\t\t\t<\/div>\n\t\t\t\t<div class=\"elementor-element elementor-element-93f9715 elementor-widget elementor-widget-heading\" data-id=\"93f9715\" data-element_type=\"widget\" data-e-type=\"widget\" data-widget_type=\"heading.default\">\n\t\t\t\t\t<h2 class=\"elementor-heading-title elementor-size-default\">Care<\/h2>\t\t\t\t<\/div>\n\t\t\t\t<div class=\"elementor-element elementor-element-b9d11f2 elementor-widget elementor-widget-heading\" data-id=\"b9d11f2\" data-element_type=\"widget\" data-e-type=\"widget\" data-widget_type=\"heading.default\">\n\t\t\t\t\t<h2 class=\"elementor-heading-title elementor-size-default\">A caring and attentive service that gives families peace of mind, knowing their children are in safe hands.<\/h2>\t\t\t\t<\/div>\n\t\t\t\t<\/div>\n\t\t<div class=\"elementor-element elementor-element-b11593f e-con-full e-flex e-con e-child\" data-id=\"b11593f\" data-element_type=\"container\" data-e-type=\"container\">\n\t\t\t\t<div class=\"elementor-element elementor-element-c62979c elementor-widget elementor-widget-image\" data-id=\"c62979c\" data-element_type=\"widget\" data-e-type=\"widget\" data-widget_type=\"image.default\">\n\t\t\t\t\t\t\t\t\t\t\t\t\t\t\t<img loading=\"lazy\" decoding=\"async\" width=\"150\" height=\"150\" src=\"https:\/\/claudiapardaltransportes.com\/wp-content\/uploads\/2026\/04\/lisboa_cascais_sintra_loures-150x150.png\" class=\"attachment-thumbnail size-thumbnail wp-image-383\" alt=\"\" srcset=\"https:\/\/claudiapardaltransportes.com\/wp-content\/uploads\/2026\/04\/lisboa_cascais_sintra_loures-150x150.png 150w, https:\/\/claudiapardaltransportes.com\/wp-content\/uploads\/2026\/04\/lisboa_cascais_sintra_loures-300x300.png 300w, https:\/\/claudiapardaltransportes.com\/wp-content\/uploads\/2026\/04\/lisboa_cascais_sintra_loures-12x12.png 12w, https:\/\/claudiapardaltransportes.com\/wp-content\/uploads\/2026\/04\/lisboa_cascais_sintra_loures.png 512w\" sizes=\"(max-width: 150px) 100vw, 150px\" \/>\t\t\t\t\t\t\t\t\t\t\t\t\t\t\t<\/div>\n\t\t\t\t<div class=\"elementor-element elementor-element-eb0feda elementor-widget elementor-widget-heading\" data-id=\"eb0feda\" data-element_type=\"widget\" data-e-type=\"widget\" data-widget_type=\"heading.default\">\n\t\t\t\t\t<h2 class=\"elementor-heading-title elementor-size-default\">Punctuality<\/h2>\t\t\t\t<\/div>\n\t\t\t\t<div class=\"elementor-element elementor-element-4db9106 elementor-widget elementor-widget-heading\" data-id=\"4db9106\" data-element_type=\"widget\" data-e-type=\"widget\" data-widget_type=\"heading.default\">\n\t\t\t\t\t<h2 class=\"elementor-heading-title elementor-size-default\">We strictly follow all school schedules and institutional commitments.<\/h2>\t\t\t\t<\/div>\n\t\t\t\t<\/div>\n\t\t\t\t\t<\/div>\n\t\t\t\t<\/div>\n\t\t<div class=\"elementor-element elementor-element-9f98a02 e-flex e-con-boxed e-con e-parent\" data-id=\"9f98a02\" data-element_type=\"container\" data-e-type=\"container\">\n\t\t\t\t\t<div class=\"e-con-inner\">\n\t\t\t\t<div class=\"elementor-element elementor-element-2087027 elementor-widget elementor-widget-image\" data-id=\"2087027\" data-element_type=\"widget\" data-e-type=\"widget\" data-widget_type=\"image.default\">\n\t\t\t\t\t\t\t\t\t\t\t\t\t\t\t<img loading=\"lazy\" decoding=\"async\" width=\"798\" height=\"777\" src=\"https:\/\/claudiapardaltransportes.com\/wp-content\/uploads\/2026\/04\/seguranca_lisboa_criancas_transporte.avif\" class=\"attachment-large size-large wp-image-390\" alt=\"\" srcset=\"https:\/\/claudiapardaltransportes.com\/wp-content\/uploads\/2026\/04\/seguranca_lisboa_criancas_transporte.avif 798w, https:\/\/claudiapardaltransportes.com\/wp-content\/uploads\/2026\/04\/seguranca_lisboa_criancas_transporte-300x292.avif 300w, https:\/\/claudiapardaltransportes.com\/wp-content\/uploads\/2026\/04\/seguranca_lisboa_criancas_transporte-768x748.avif 768w, https:\/\/claudiapardaltransportes.com\/wp-content\/uploads\/2026\/04\/seguranca_lisboa_criancas_transporte-12x12.avif 12w\" sizes=\"(max-width: 798px) 100vw, 798px\" \/>\t\t\t\t\t\t\t\t\t\t\t\t\t\t\t<\/div>\n\t\t\t\t<div class=\"elementor-element elementor-element-d17710e elementor-widget elementor-widget-image\" data-id=\"d17710e\" data-element_type=\"widget\" data-e-type=\"widget\" data-widget_type=\"image.default\">\n\t\t\t\t\t\t\t\t\t\t\t\t\t\t\t<img loading=\"lazy\" decoding=\"async\" width=\"799\" height=\"776\" src=\"https:\/\/claudiapardaltransportes.com\/wp-content\/uploads\/2026\/04\/transporte-criancas-cascais-cadeiras-auto.avif\" class=\"attachment-large size-large wp-image-391\" alt=\"\" srcset=\"https:\/\/claudiapardaltransportes.com\/wp-content\/uploads\/2026\/04\/transporte-criancas-cascais-cadeiras-auto.avif 799w, https:\/\/claudiapardaltransportes.com\/wp-content\/uploads\/2026\/04\/transporte-criancas-cascais-cadeiras-auto-300x291.avif 300w, https:\/\/claudiapardaltransportes.com\/wp-content\/uploads\/2026\/04\/transporte-criancas-cascais-cadeiras-auto-768x746.avif 768w, https:\/\/claudiapardaltransportes.com\/wp-content\/uploads\/2026\/04\/transporte-criancas-cascais-cadeiras-auto-12x12.avif 12w\" sizes=\"(max-width: 799px) 100vw, 799px\" \/>\t\t\t\t\t\t\t\t\t\t\t\t\t\t\t<\/div>\n\t\t\t\t\t<\/div>\n\t\t\t\t<\/div>\n\t\t\t\t<\/div>","protected":false},"excerpt":{"rendered":"<p>Quem Somos Pedir Or\u00e7amento A Cl\u00e1udia Pardal \u2013 Transportes Personalizados \u00e9 uma empresa especializada em transporte de crian\u00e7as e transporte [&hellip;]<\/p>\n","protected":false},"author":1,"featured_media":0,"parent":0,"menu_order":0,"comment_status":"closed","ping_status":"closed","template":"","meta":{"om_disable_all_campaigns":false,"_monsterinsights_skip_tracking":false,"_monsterinsights_sitenote_active":false,"_monsterinsights_sitenote_note":"","_monsterinsights_sitenote_category":0,"site-sidebar-layout":"no-sidebar","site-content-layout":"","ast-site-content-layout":"full-width-container","site-content-style":"default","site-sidebar-style":"default","ast-global-header-display":"","ast-banner-title-visibility":"","ast-main-header-display":"","ast-hfb-above-header-display":"","ast-hfb-below-header-display":"","ast-hfb-mobile-header-display":"","site-post-title":"","ast-breadcrumbs-content":"","ast-featured-img":"disabled","footer-sml-layout":"","ast-disable-related-posts":"","theme-transparent-header-meta":"","adv-header-id-meta":"","stick-header-meta":"","header-above-stick-meta":"","header-main-stick-meta":"","header-below-stick-meta":"","astra-migrate-meta-layouts":"default","ast-page-background-enabled":"default","ast-page-background-meta":{"desktop":{"background-color":"var(--ast-global-color-5)","background-image":"","background-repeat":"repeat","background-position":"center center","background-size":"auto","background-attachment":"scroll","background-type":"","background-media":"","overlay-type":"","overlay-color":"","overlay-opacity":"","overlay-gradient":""},"tablet":{"background-color":"","background-image":"","background-repeat":"repeat","background-position":"center center","background-size":"auto","background-attachment":"scroll","background-type":"","background-media":"","overlay-type":"","overlay-color":"","overlay-opacity":"","overlay-gradient":""},"mobile":{"background-color":"","background-image":"","background-repeat":"repeat","background-position":"center center","background-size":"auto","background-attachment":"scroll","background-type":"","background-media":"","overlay-type":"","overlay-color":"","overlay-opacity":"","overlay-gradient":""}},"ast-content-background-meta":{"desktop":{"background-color":"var(--ast-global-color-4)","background-image":"","background-repeat":"repeat","background-position":"center center","background-size":"auto","background-attachment":"scroll","background-type":"","background-media":"","overlay-type":"","overlay-color":"","overlay-opacity":"","overlay-gradient":""},"tablet":{"background-color":"var(--ast-global-color-4)","background-image":"","background-repeat":"repeat","background-position":"center center","background-size":"auto","background-attachment":"scroll","background-type":"","background-media":"","overlay-type":"","overlay-color":"","overlay-opacity":"","overlay-gradient":""},"mobile":{"background-color":"var(--ast-global-color-4)","background-image":"","background-repeat":"repeat","background-position":"center center","background-size":"auto","background-attachment":"scroll","background-type":"","background-media":"","overlay-type":"","overlay-color":"","overlay-opacity":"","overlay-gradient":""}},"footnotes":""},"class_list":["post-32","page","type-page","status-publish","hentry"],"aioseo_notices":[],"_hostinger_reach_plugin_has_subscription_block":false,"_hostinger_reach_plugin_is_elementor":false,"_links":{"self":[{"href":"https:\/\/claudiapardaltransportes.com\/en\/wp-json\/wp\/v2\/pages\/32","targetHints":{"allow":["GET"]}}],"collection":[{"href":"https:\/\/claudiapardaltransportes.com\/en\/wp-json\/wp\/v2\/pages"}],"about":[{"href":"https:\/\/claudiapardaltransportes.com\/en\/wp-json\/wp\/v2\/types\/page"}],"author":[{"embeddable":true,"href":"https:\/\/claudiapardaltransportes.com\/en\/wp-json\/wp\/v2\/users\/1"}],"replies":[{"embeddable":true,"href":"https:\/\/claudiapardaltransportes.com\/en\/wp-json\/wp\/v2\/comments?post=32"}],"version-history":[{"count":58,"href":"https:\/\/claudiapardaltransportes.com\/en\/wp-json\/wp\/v2\/pages\/32\/revisions"}],"predecessor-version":[{"id":413,"href":"https:\/\/claudiapardaltransportes.com\/en\/wp-json\/wp\/v2\/pages\/32\/revisions\/413"}],"wp:attachment":[{"href":"https:\/\/claudiapardaltransportes.com\/en\/wp-json\/wp\/v2\/media?parent=32"}],"curies":[{"name":"wp","href":"https:\/\/api.w.org\/{rel}","templated":true}]}}