{"id":7,"date":"2026-03-27T23:45:46","date_gmt":"2026-03-27T23:45:46","guid":{"rendered":"https:\/\/claudiapardaltransportes.com\/?page_id=7"},"modified":"2026-04-17T12:54:50","modified_gmt":"2026-04-17T12:54:50","slug":"elementor-7","status":"publish","type":"page","link":"https:\/\/claudiapardaltransportes.com\/en\/","title":{"rendered":"Home"},"content":{"rendered":"\t\t<div data-elementor-type=\"wp-page\" data-elementor-id=\"7\" class=\"elementor elementor-7\">\n\t\t\t\t<div class=\"elementor-element elementor-element-bcbe33d e-flex e-con-boxed e-con e-parent\" data-id=\"bcbe33d\" data-element_type=\"container\" data-e-type=\"container\" data-settings=\"{&quot;background_background&quot;:&quot;slideshow&quot;,&quot;background_slideshow_gallery&quot;:[{&quot;id&quot;:12,&quot;url&quot;:&quot;https:\\\/\\\/claudiapardaltransportes.com\\\/wp-content\\\/uploads\\\/2026\\\/03\\\/children-transport-lisbon-school-van.jpg&quot;},{&quot;id&quot;:13,&quot;url&quot;:&quot;https:\\\/\\\/claudiapardaltransportes.com\\\/wp-content\\\/uploads\\\/2026\\\/03\\\/transporte-criancas-cascais-acompanhamento-carrinha.jpg&quot;}],&quot;background_slideshow_slide_transition&quot;:&quot;slide_left&quot;,&quot;background_slideshow_loop&quot;:&quot;yes&quot;,&quot;background_slideshow_slide_duration&quot;:5000,&quot;background_slideshow_transition_duration&quot;:500}\">\n\t\t\t\t\t<div class=\"e-con-inner\">\n\t\t\t\t<div class=\"elementor-element elementor-element-cfb800c elementor-widget-mobile__width-initial elementor-widget__width-initial elementor-widget elementor-widget-heading\" data-id=\"cfb800c\" data-element_type=\"widget\" data-e-type=\"widget\" data-widget_type=\"heading.default\">\n\t\t\t\t\t<h2 class=\"elementor-heading-title elementor-size-default\">Transporte de crian\u00e7as com seguran\u00e7a e acompanhamento dedicado<\/h2>\t\t\t\t<\/div>\n\t\t\t\t<div class=\"elementor-element elementor-element-a430f30 elementor-widget elementor-widget-heading\" data-id=\"a430f30\" data-element_type=\"widget\" data-e-type=\"widget\" data-widget_type=\"heading.default\">\n\t\t\t\t\t<h2 class=\"elementor-heading-title elementor-size-default\">Um servi\u00e7o pensado para o seu bem-estar<\/h2>\t\t\t\t<\/div>\n\t\t\t\t<div class=\"elementor-element elementor-element-102da06 elementor-widget elementor-widget-button\" data-id=\"102da06\" data-element_type=\"widget\" data-e-type=\"widget\" data-widget_type=\"button.default\">\n\t\t\t\t\t\t\t\t\t\t<a class=\"elementor-button elementor-button-link elementor-size-sm\" href=\"\/contactos\">\n\t\t\t\t\t\t<span class=\"elementor-button-content-wrapper\">\n\t\t\t\t\t\t\t\t\t<span class=\"elementor-button-text\">Pedir Or\u00e7amento<\/span>\n\t\t\t\t\t<\/span>\n\t\t\t\t\t<\/a>\n\t\t\t\t\t\t\t\t<\/div>\n\t\t\t\t\t<\/div>\n\t\t\t\t<\/div>\n\t\t<div class=\"elementor-element elementor-element-5d959e7 e-flex e-con-boxed e-con e-parent\" data-id=\"5d959e7\" data-element_type=\"container\" data-e-type=\"container\">\n\t\t\t\t\t<div class=\"e-con-inner\">\n\t\t\t\t<div class=\"elementor-element elementor-element-3267c18 elementor-widget elementor-widget-heading\" data-id=\"3267c18\" data-element_type=\"widget\" data-e-type=\"widget\" data-widget_type=\"heading.default\">\n\t\t\t\t\t<h2 class=\"elementor-heading-title elementor-size-default\">Um servi\u00e7o pensado para a sua tranquilidade<\/h2>\t\t\t\t<\/div>\n\t\t\t\t\t<\/div>\n\t\t\t\t<\/div>\n\t\t<div class=\"elementor-element elementor-element-3255d7b e-grid e-con-boxed e-con e-parent\" data-id=\"3255d7b\" data-element_type=\"container\" data-e-type=\"container\" data-settings=\"{&quot;background_background&quot;:&quot;classic&quot;}\">\n\t\t\t\t\t<div class=\"e-con-inner\">\n\t\t<div class=\"elementor-element elementor-element-6123542 e-flex e-con-boxed e-con e-child\" data-id=\"6123542\" data-element_type=\"container\" data-e-type=\"container\">\n\t\t\t\t\t<div class=\"e-con-inner\">\n\t\t\t\t<div class=\"elementor-element elementor-element-8ebab17 elementor-widget elementor-widget-image\" data-id=\"8ebab17\" data-element_type=\"widget\" data-e-type=\"widget\" data-widget_type=\"image.default\">\n\t\t\t\t\t\t\t\t\t\t\t\t\t\t\t<img decoding=\"async\" width=\"150\" height=\"150\" src=\"https:\/\/claudiapardaltransportes.com\/wp-content\/uploads\/2026\/04\/Lisboa_cascais_sintra-1-150x150.jpg\" class=\"attachment-thumbnail size-thumbnail wp-image-153\" alt=\"\" \/>\t\t\t\t\t\t\t\t\t\t\t\t\t\t\t<\/div>\n\t\t\t\t<div class=\"elementor-element elementor-element-d8e4228 elementor-widget elementor-widget-heading\" data-id=\"d8e4228\" data-element_type=\"widget\" data-e-type=\"widget\" data-widget_type=\"heading.default\">\n\t\t\t\t\t<h2 class=\"elementor-heading-title elementor-size-default\">Motoristas Certificados<\/h2>\t\t\t\t<\/div>\n\t\t\t\t<div class=\"elementor-element elementor-element-f17da39 elementor-widget elementor-widget-heading\" data-id=\"f17da39\" data-element_type=\"widget\" data-e-type=\"widget\" data-widget_type=\"heading.default\">\n\t\t\t\t\t<h2 class=\"elementor-heading-title elementor-size-default\">Profissionais com forma\u00e7\u00e3o especializada no transporte de crian\u00e7as, garantindo seguran\u00e7a, responsabilidade e confian\u00e7a em cada viagem.<\/h2>\t\t\t\t<\/div>\n\t\t\t\t\t<\/div>\n\t\t\t\t<\/div>\n\t\t<div class=\"elementor-element elementor-element-142c555 e-con-full e-flex e-con e-child\" data-id=\"142c555\" data-element_type=\"container\" data-e-type=\"container\">\n\t\t\t\t<div class=\"elementor-element elementor-element-aa0c26a elementor-widget elementor-widget-image\" data-id=\"aa0c26a\" data-element_type=\"widget\" data-e-type=\"widget\" data-widget_type=\"image.default\">\n\t\t\t\t\t\t\t\t\t\t\t\t\t\t\t<img decoding=\"async\" width=\"150\" height=\"150\" src=\"https:\/\/claudiapardaltransportes.com\/wp-content\/uploads\/2026\/04\/Crianca_Seguranca_transporte-150x150.jpg\" class=\"attachment-thumbnail size-thumbnail wp-image-152\" alt=\"\" \/>\t\t\t\t\t\t\t\t\t\t\t\t\t\t\t<\/div>\n\t\t\t\t<div class=\"elementor-element elementor-element-bb83944 elementor-widget elementor-widget-heading\" data-id=\"bb83944\" data-element_type=\"widget\" data-e-type=\"widget\" data-widget_type=\"heading.default\">\n\t\t\t\t\t<h2 class=\"elementor-heading-title elementor-size-default\">Viaturas com cadeiras auto<\/h2>\t\t\t\t<\/div>\n\t\t\t\t<div class=\"elementor-element elementor-element-aa1bb9b elementor-widget elementor-widget-heading\" data-id=\"aa1bb9b\" data-element_type=\"widget\" data-e-type=\"widget\" data-widget_type=\"heading.default\">\n\t\t\t\t\t<h2 class=\"elementor-heading-title elementor-size-default\">Equipamentos Homologados e adaptados a todas as idades para prote\u00e7\u00e3o maxima.\n<\/h2>\t\t\t\t<\/div>\n\t\t\t\t<\/div>\n\t\t<div class=\"elementor-element elementor-element-4538dd4 e-con-full e-flex e-con e-child\" data-id=\"4538dd4\" data-element_type=\"container\" data-e-type=\"container\">\n\t\t\t\t<div class=\"elementor-element elementor-element-ea309ac elementor-widget elementor-widget-image\" data-id=\"ea309ac\" data-element_type=\"widget\" data-e-type=\"widget\" data-widget_type=\"image.default\">\n\t\t\t\t\t\t\t\t\t\t\t\t\t\t\t<img decoding=\"async\" width=\"150\" height=\"150\" src=\"https:\/\/claudiapardaltransportes.com\/wp-content\/uploads\/2026\/04\/criancas_seguranca_transport-150x150.jpg\" class=\"attachment-thumbnail size-thumbnail wp-image-148\" alt=\"\" srcset=\"https:\/\/claudiapardaltransportes.com\/wp-content\/uploads\/2026\/04\/criancas_seguranca_transport-150x150.jpg 150w, https:\/\/claudiapardaltransportes.com\/wp-content\/uploads\/2026\/04\/criancas_seguranca_transport-300x300.jpg 300w, https:\/\/claudiapardaltransportes.com\/wp-content\/uploads\/2026\/04\/criancas_seguranca_transport.jpg 409w\" sizes=\"(max-width: 150px) 100vw, 150px\" \/>\t\t\t\t\t\t\t\t\t\t\t\t\t\t\t<\/div>\n\t\t\t\t<div class=\"elementor-element elementor-element-e237ed7 elementor-widget elementor-widget-heading\" data-id=\"e237ed7\" data-element_type=\"widget\" data-e-type=\"widget\" data-widget_type=\"heading.default\">\n\t\t\t\t\t<h2 class=\"elementor-heading-title elementor-size-default\">Seguro<\/h2>\t\t\t\t<\/div>\n\t\t\t\t<div class=\"elementor-element elementor-element-0169bdf elementor-widget elementor-widget-heading\" data-id=\"0169bdf\" data-element_type=\"widget\" data-e-type=\"widget\" data-widget_type=\"heading.default\">\n\t\t\t\t\t<h2 class=\"elementor-heading-title elementor-size-default\">Cobertura completa para todos os passageiros, para que cada viagem seja feita com total tranquilidade.<\/h2>\t\t\t\t<\/div>\n\t\t\t\t<\/div>\n\t\t<div class=\"elementor-element elementor-element-f28f3bb e-con-full e-flex e-con e-child\" data-id=\"f28f3bb\" data-element_type=\"container\" data-e-type=\"container\">\n\t\t\t\t<div class=\"elementor-element elementor-element-4bc8425 elementor-widget elementor-widget-image\" data-id=\"4bc8425\" data-element_type=\"widget\" data-e-type=\"widget\" data-widget_type=\"image.default\">\n\t\t\t\t\t\t\t\t\t\t\t\t\t\t\t<img decoding=\"async\" src=\"https:\/\/claudiapardaltransportes.com\/wp-content\/uploads\/elementor\/thumbs\/Transporte_porta_a_porta-rlwa0wm5gzrjd40t4zldpv2flhwrsbmc4lrzt7clwo.jpg\" title=\"Transporte_porta_a_porta\" alt=\"Transporte_porta_a_porta\" loading=\"lazy\" \/>\t\t\t\t\t\t\t\t\t\t\t\t\t\t\t<\/div>\n\t\t\t\t<div class=\"elementor-element elementor-element-c1a6d6c elementor-widget elementor-widget-heading\" data-id=\"c1a6d6c\" data-element_type=\"widget\" data-e-type=\"widget\" data-widget_type=\"heading.default\">\n\t\t\t\t\t<h2 class=\"elementor-heading-title elementor-size-default\">Servi\u00e7o porta-a-porta<\/h2>\t\t\t\t<\/div>\n\t\t\t\t<div class=\"elementor-element elementor-element-9f1902a elementor-widget elementor-widget-heading\" data-id=\"9f1902a\" data-element_type=\"widget\" data-e-type=\"widget\" data-widget_type=\"heading.default\">\n\t\t\t\t\t<h2 class=\"elementor-heading-title elementor-size-default\">Recolha e entrega diretamente em casa ou na escola, simplificando o&nbsp; &nbsp;dia-a-dia das fam\u00edlias.<\/h2>\t\t\t\t<\/div>\n\t\t\t\t<\/div>\n\t\t<div class=\"elementor-element elementor-element-49149c4 e-con-full e-flex e-con e-child\" data-id=\"49149c4\" data-element_type=\"container\" data-e-type=\"container\">\n\t\t\t\t<div class=\"elementor-element elementor-element-c60789e elementor-widget elementor-widget-image\" data-id=\"c60789e\" data-element_type=\"widget\" data-e-type=\"widget\" data-widget_type=\"image.default\">\n\t\t\t\t\t\t\t\t\t\t\t\t\t\t\t<img loading=\"lazy\" decoding=\"async\" width=\"100\" height=\"100\" src=\"https:\/\/claudiapardaltransportes.com\/wp-content\/uploads\/2026\/04\/icons8-route-100.png\" class=\"attachment-thumbnail size-thumbnail wp-image-149\" alt=\"\" \/>\t\t\t\t\t\t\t\t\t\t\t\t\t\t\t<\/div>\n\t\t\t\t<div class=\"elementor-element elementor-element-6057f1c elementor-widget elementor-widget-heading\" data-id=\"6057f1c\" data-element_type=\"widget\" data-e-type=\"widget\" data-widget_type=\"heading.default\">\n\t\t\t\t\t<h2 class=\"elementor-heading-title elementor-size-default\">Rotas adaptadas \u00e0s fam\u00edlias<\/h2>\t\t\t\t<\/div>\n\t\t\t\t<div class=\"elementor-element elementor-element-5256659 elementor-widget elementor-widget-heading\" data-id=\"5256659\" data-element_type=\"widget\" data-e-type=\"widget\" data-widget_type=\"heading.default\">\n\t\t\t\t\t<h2 class=\"elementor-heading-title elementor-size-default\">Percursos organizados de forma eficiente para garantir conforto, pontualidade e menos tempo de viagem.<\/h2>\t\t\t\t<\/div>\n\t\t\t\t<\/div>\n\t\t<div class=\"elementor-element elementor-element-f620011 e-con-full e-flex e-con e-child\" data-id=\"f620011\" data-element_type=\"container\" data-e-type=\"container\">\n\t\t\t\t<div class=\"elementor-element elementor-element-7047e97 elementor-widget elementor-widget-image\" data-id=\"7047e97\" data-element_type=\"widget\" data-e-type=\"widget\" data-widget_type=\"image.default\">\n\t\t\t\t\t\t\t\t\t\t\t\t\t\t\t<img loading=\"lazy\" decoding=\"async\" width=\"150\" height=\"150\" src=\"https:\/\/claudiapardaltransportes.com\/wp-content\/uploads\/2026\/04\/criancas_seguranca_sintra-150x150.jpg\" class=\"attachment-thumbnail size-thumbnail wp-image-143\" alt=\"\" srcset=\"https:\/\/claudiapardaltransportes.com\/wp-content\/uploads\/2026\/04\/criancas_seguranca_sintra-150x150.jpg 150w, https:\/\/claudiapardaltransportes.com\/wp-content\/uploads\/2026\/04\/criancas_seguranca_sintra-300x300.jpg 300w, https:\/\/claudiapardaltransportes.com\/wp-content\/uploads\/2026\/04\/criancas_seguranca_sintra.jpg 409w\" sizes=\"(max-width: 150px) 100vw, 150px\" \/>\t\t\t\t\t\t\t\t\t\t\t\t\t\t\t<\/div>\n\t\t\t\t<div class=\"elementor-element elementor-element-7054c7d elementor-widget elementor-widget-heading\" data-id=\"7054c7d\" data-element_type=\"widget\" data-e-type=\"widget\" data-widget_type=\"heading.default\">\n\t\t\t\t\t<h2 class=\"elementor-heading-title elementor-size-default\">Comunica\u00e7\u00e3o direta<\/h2>\t\t\t\t<\/div>\n\t\t\t\t<div class=\"elementor-element elementor-element-4282bd7 elementor-widget elementor-widget-heading\" data-id=\"4282bd7\" data-element_type=\"widget\" data-e-type=\"widget\" data-widget_type=\"heading.default\">\n\t\t\t\t\t<h2 class=\"elementor-heading-title elementor-size-default\">Contacto f\u00e1cil com o motorista e atualiza\u00e7\u00f5es sempre que necess\u00e1rio, para total confian\u00e7a no servi\u00e7o.<\/h2>\t\t\t\t<\/div>\n\t\t\t\t<\/div>\n\t\t\t\t\t<\/div>\n\t\t\t\t<\/div>\n\t\t\t\t<\/div>\n\t\t","protected":false},"excerpt":{"rendered":"<p>Transporte de crian\u00e7as com seguran\u00e7a e acompanhamento dedicado Um servi\u00e7o pensado para o seu bem-estar Pedir Or\u00e7amento Um servi\u00e7o pensado [&hellip;]<\/p>\n","protected":false},"author":1,"featured_media":0,"parent":0,"menu_order":0,"comment_status":"closed","ping_status":"closed","template":"","meta":{"om_disable_all_campaigns":false,"_monsterinsights_skip_tracking":false,"_monsterinsights_sitenote_active":false,"_monsterinsights_sitenote_note":"","_monsterinsights_sitenote_category":0,"site-sidebar-layout":"no-sidebar","site-content-layout":"","ast-site-content-layout":"full-width-container","site-content-style":"default","site-sidebar-style":"default","ast-global-header-display":"","ast-banner-title-visibility":"","ast-main-header-display":"","ast-hfb-above-header-display":"","ast-hfb-below-header-display":"","ast-hfb-mobile-header-display":"","site-post-title":"","ast-breadcrumbs-content":"","ast-featured-img":"disabled","footer-sml-layout":"","ast-disable-related-posts":"","theme-transparent-header-meta":"","adv-header-id-meta":"","stick-header-meta":"","header-above-stick-meta":"","header-main-stick-meta":"","header-below-stick-meta":"","astra-migrate-meta-layouts":"default","ast-page-background-enabled":"default","ast-page-background-meta":{"desktop":{"background-color":"var(--ast-global-color-5)","background-image":"","background-repeat":"repeat","background-position":"center center","background-size":"auto","background-attachment":"scroll","background-type":"","background-media":"","overlay-type":"","overlay-color":"","overlay-opacity":"","overlay-gradient":""},"tablet":{"background-color":"","background-image":"","background-repeat":"repeat","background-position":"center center","background-size":"auto","background-attachment":"scroll","background-type":"","background-media":"","overlay-type":"","overlay-color":"","overlay-opacity":"","overlay-gradient":""},"mobile":{"background-color":"","background-image":"","background-repeat":"repeat","background-position":"center center","background-size":"auto","background-attachment":"scroll","background-type":"","background-media":"","overlay-type":"","overlay-color":"","overlay-opacity":"","overlay-gradient":""}},"ast-content-background-meta":{"desktop":{"background-color":"var(--ast-global-color-4)","background-image":"","background-repeat":"repeat","background-position":"center center","background-size":"auto","background-attachment":"scroll","background-type":"","background-media":"","overlay-type":"","overlay-color":"","overlay-opacity":"","overlay-gradient":""},"tablet":{"background-color":"var(--ast-global-color-4)","background-image":"","background-repeat":"repeat","background-position":"center center","background-size":"auto","background-attachment":"scroll","background-type":"","background-media":"","overlay-type":"","overlay-color":"","overlay-opacity":"","overlay-gradient":""},"mobile":{"background-color":"var(--ast-global-color-4)","background-image":"","background-repeat":"repeat","background-position":"center center","background-size":"auto","background-attachment":"scroll","background-type":"","background-media":"","overlay-type":"","overlay-color":"","overlay-opacity":"","overlay-gradient":""}},"footnotes":""},"class_list":["post-7","page","type-page","status-publish","hentry"],"aioseo_notices":[],"_hostinger_reach_plugin_has_subscription_block":false,"_hostinger_reach_plugin_is_elementor":false,"_links":{"self":[{"href":"https:\/\/claudiapardaltransportes.com\/en\/wp-json\/wp\/v2\/pages\/7","targetHints":{"allow":["GET"]}}],"collection":[{"href":"https:\/\/claudiapardaltransportes.com\/en\/wp-json\/wp\/v2\/pages"}],"about":[{"href":"https:\/\/claudiapardaltransportes.com\/en\/wp-json\/wp\/v2\/types\/page"}],"author":[{"embeddable":true,"href":"https:\/\/claudiapardaltransportes.com\/en\/wp-json\/wp\/v2\/users\/1"}],"replies":[{"embeddable":true,"href":"https:\/\/claudiapardaltransportes.com\/en\/wp-json\/wp\/v2\/comments?post=7"}],"version-history":[{"count":191,"href":"https:\/\/claudiapardaltransportes.com\/en\/wp-json\/wp\/v2\/pages\/7\/revisions"}],"predecessor-version":[{"id":348,"href":"https:\/\/claudiapardaltransportes.com\/en\/wp-json\/wp\/v2\/pages\/7\/revisions\/348"}],"wp:attachment":[{"href":"https:\/\/claudiapardaltransportes.com\/en\/wp-json\/wp\/v2\/media?parent=7"}],"curies":[{"name":"wp","href":"https:\/\/api.w.org\/{rel}","templated":true}]}}